{"id":960,"date":"2025-09-08T14:38:37","date_gmt":"2025-09-08T14:38:37","guid":{"rendered":"https:\/\/vocesdehaketia.com\/?page_id=960"},"modified":"2026-03-02T19:52:58","modified_gmt":"2026-03-02T19:52:58","slug":"inicio","status":"publish","type":"page","link":"https:\/\/vocesdehaketia.com\/en\/","title":{"rendered":"Inicio"},"content":{"rendered":"<div class=\"wp-block-cover alignfull is-light has-parallax\" style=\"border-style:none;border-width:0px;border-radius:0px;padding-top:0;padding-right:var(--wp--preset--spacing--80);padding-bottom:0;padding-left:var(--wp--preset--spacing--80);font-size:34px;min-height:100vh;aspect-ratio:unset;\"><div class=\"wp-block-cover__image-background wp-image-1423 size-full has-parallax\" style=\"background-position:50% 50%;background-image:url(https:\/\/vocesdehaketia.com\/wp-content\/uploads\/2025\/11\/El_t___de_la_tarde_en_cazza-001.png)\"><\/div><span aria-hidden=\"true\" class=\"wp-block-cover__background has-background-dim-0 has-background-dim\"><\/span><div class=\"wp-block-cover__inner-container is-layout-flow wp-block-cover-is-layout-flow\">\n<div class=\"wp-block-columns are-vertically-aligned-center is-layout-flex wp-container-core-columns-is-layout-9d6595d7 wp-block-columns-is-layout-flex\">\n<div class=\"wp-block-column is-vertically-aligned-center is-layout-flow wp-block-column-is-layout-flow\" style=\"padding-right:var(--wp--preset--spacing--20);padding-left:var(--wp--preset--spacing--20);flex-basis:65%\">\n<div style=\"height:80px\" aria-hidden=\"true\" class=\"wp-block-spacer\"><\/div>\n\n\n\n<h1 class=\"wp-block-heading has-text-align-left has-nv-text-dark-bg-color has-text-color\">Voces de Haketia<\/h1>\n\n\n\n<p class=\"has-text-align-left animated slideInLeft has-nv-text-dark-bg-color has-text-color\" style=\"font-size:20px\"><em>\u00abLa lengua de cari\u00f1o que toca<\/em> <em>muestra alma y corass\u00f3n con ternura\u00bb<\/em><\/p>\n\n\n\n<div style=\"height:100px\" aria-hidden=\"true\" class=\"wp-block-spacer\"><\/div>\n<\/div>\n\n\n\n<div class=\"wp-block-column is-vertically-aligned-center is-layout-flow wp-block-column-is-layout-flow\"><\/div>\n<\/div>\n<\/div><\/div>\n\n\n\n<div style=\"height:40px\" aria-hidden=\"true\" class=\"wp-block-spacer\"><\/div>\n\n\n\n<div class=\"wp-block-columns is-layout-flex wp-container-core-columns-is-layout-9d6595d7 wp-block-columns-is-layout-flex\">\n<div class=\"wp-block-column neve-duotone is-layout-flow wp-block-column-is-layout-flow\" style=\"padding-right:var(--wp--preset--spacing--30);padding-left:var(--wp--preset--spacing--30)\"><div class=\"wp-block-image icon-style is-style-default wp-duotone-unset-1\">\n<figure class=\"aligncenter size-full has-custom-border\"><a href=\"https:\/\/vocesdehaketia.com\/en\/category\/haketia\/\"><img loading=\"lazy\" decoding=\"async\" width=\"512\" height=\"512\" src=\"https:\/\/vocesdehaketia.com\/wp-content\/uploads\/2025\/09\/h.png\" alt=\"\" class=\"wp-image-1035\" style=\"border-radius:0px\" title=\"\" srcset=\"https:\/\/vocesdehaketia.com\/wp-content\/uploads\/2025\/09\/h.png 512w, https:\/\/vocesdehaketia.com\/wp-content\/uploads\/2025\/09\/h-300x300.png 300w, https:\/\/vocesdehaketia.com\/wp-content\/uploads\/2025\/09\/h-150x150.png 150w\" sizes=\"(max-width: 512px) 100vw, 512px\" \/><\/a><\/figure>\n<\/div>\n\n\n<div style=\"height:16px\" aria-hidden=\"true\" class=\"wp-block-spacer\"><\/div>\n\n\n\n<h3 class=\"wp-block-heading has-text-align-center has-neve-text-color-color has-text-color\">Haketia<\/h3>\n\n\n\n<p class=\"has-text-align-center\">Dedicada a la lengua de los \u0135udi\u00f3s marroqu\u00edes.<\/p>\n\n\n\n<div style=\"height:20px\" aria-hidden=\"true\" class=\"wp-block-spacer\"><\/div>\n<\/div>\n\n\n\n<div class=\"wp-block-column is-layout-flow wp-block-column-is-layout-flow\" style=\"padding-right:var(--wp--preset--spacing--30);padding-left:var(--wp--preset--spacing--30)\"><div class=\"wp-block-image icon-style is-style-default\">\n<figure class=\"aligncenter size-full has-custom-border\"><a href=\"https:\/\/vocesdehaketia.com\/en\/category\/multimedia\/\"><img loading=\"lazy\" decoding=\"async\" width=\"512\" height=\"512\" src=\"https:\/\/vocesdehaketia.com\/wp-content\/uploads\/2025\/09\/3313676.png\" alt=\"\" class=\"wp-image-1032\" style=\"border-radius:0px\" title=\"\" srcset=\"https:\/\/vocesdehaketia.com\/wp-content\/uploads\/2025\/09\/3313676.png 512w, https:\/\/vocesdehaketia.com\/wp-content\/uploads\/2025\/09\/3313676-300x300.png 300w, https:\/\/vocesdehaketia.com\/wp-content\/uploads\/2025\/09\/3313676-150x150.png 150w\" sizes=\"(max-width: 512px) 100vw, 512px\" \/><\/a><\/figure>\n<\/div>\n\n\n<div style=\"height:16px\" aria-hidden=\"true\" class=\"wp-block-spacer\"><\/div>\n\n\n\n<h3 class=\"wp-block-heading has-text-align-center has-neve-text-color-color has-text-color\">Multimedia<\/h3>\n\n\n\n<p class=\"has-text-align-center\">Muzic\u00e1, videos, fotograf\u00edas, documentos y mucho m\u00e1s.<\/p>\n\n\n\n<div style=\"height:20px\" aria-hidden=\"true\" class=\"wp-block-spacer\"><\/div>\n<\/div>\n\n\n\n<div class=\"wp-block-column is-layout-flow wp-block-column-is-layout-flow\" style=\"padding-right:var(--wp--preset--spacing--30);padding-left:var(--wp--preset--spacing--30)\"><div class=\"wp-block-image icon-style is-style-default wp-duotone-unset-2\">\n<figure class=\"aligncenter size-full has-custom-border\"><a href=\"https:\/\/vocesdehaketia.com\/en\/category\/costumbres\/\"><img loading=\"lazy\" decoding=\"async\" width=\"512\" height=\"512\" src=\"https:\/\/vocesdehaketia.com\/wp-content\/uploads\/2025\/09\/boda.png\" alt=\"\" class=\"wp-image-1285\" style=\"border-radius:0px\" title=\"\" srcset=\"https:\/\/vocesdehaketia.com\/wp-content\/uploads\/2025\/09\/boda.png 512w, https:\/\/vocesdehaketia.com\/wp-content\/uploads\/2025\/09\/boda-300x300.png 300w, https:\/\/vocesdehaketia.com\/wp-content\/uploads\/2025\/09\/boda-150x150.png 150w\" sizes=\"(max-width: 512px) 100vw, 512px\" \/><\/a><\/figure>\n<\/div>\n\n\n<div style=\"height:16px\" aria-hidden=\"true\" class=\"wp-block-spacer\"><\/div>\n\n\n\n<h3 class=\"wp-block-heading has-text-align-center has-neve-text-color-color has-text-color\">Traditions<\/h3>\n\n\n\n<p class=\"has-text-align-center\">Dedicada a historia, cultura, tradiciones y costumbres <\/p>\n\n\n\n<div style=\"height:20px\" aria-hidden=\"true\" class=\"wp-block-spacer\"><\/div>\n<\/div>\n\n\n\n<div class=\"wp-block-column is-layout-flow wp-block-column-is-layout-flow\" style=\"padding-right:var(--wp--preset--spacing--30);padding-left:var(--wp--preset--spacing--30)\"><div class=\"wp-block-image icon-style is-style-default wp-duotone-unset-3\">\n<figure class=\"aligncenter size-full has-custom-border\"><a href=\"https:\/\/vocesdehaketia.com\/en\/category\/comidas\/\"><img loading=\"lazy\" decoding=\"async\" width=\"512\" height=\"512\" src=\"https:\/\/vocesdehaketia.com\/wp-content\/uploads\/2025\/09\/2771406-1.png\" alt=\"\" class=\"wp-image-1286\" style=\"border-radius:0px\" title=\"\" srcset=\"https:\/\/vocesdehaketia.com\/wp-content\/uploads\/2025\/09\/2771406-1.png 512w, https:\/\/vocesdehaketia.com\/wp-content\/uploads\/2025\/09\/2771406-1-300x300.png 300w, https:\/\/vocesdehaketia.com\/wp-content\/uploads\/2025\/09\/2771406-1-150x150.png 150w\" sizes=\"(max-width: 512px) 100vw, 512px\" \/><\/a><\/figure>\n<\/div>\n\n\n<div style=\"height:16px\" aria-hidden=\"true\" class=\"wp-block-spacer\"><\/div>\n\n\n\n<h3 class=\"wp-block-heading has-text-align-center has-neve-text-color-color has-text-color\">Foods<\/h3>\n\n\n\n<p class=\"has-text-align-center\">\u1e25a\u0135itas \/ comidas para todos los gustos<\/p>\n\n\n\n<div style=\"height:20px\" aria-hidden=\"true\" class=\"wp-block-spacer\"><\/div>\n<\/div>\n\n\n\n<div class=\"wp-block-column is-layout-flow wp-block-column-is-layout-flow\" style=\"padding-right:var(--wp--preset--spacing--30);padding-left:var(--wp--preset--spacing--30)\"><div class=\"wp-block-image icon-style is-style-default wp-duotone-unset-4\">\n<figure class=\"aligncenter size-full has-custom-border\"><a href=\"https:\/\/vocesdehaketia.com\/en\/category\/media\/\"><img loading=\"lazy\" decoding=\"async\" width=\"512\" height=\"512\" src=\"https:\/\/vocesdehaketia.com\/wp-content\/uploads\/2025\/09\/861822.png\" alt=\"\" class=\"wp-image-1034\" style=\"border-radius:0px\" title=\"\" srcset=\"https:\/\/vocesdehaketia.com\/wp-content\/uploads\/2025\/09\/861822.png 512w, https:\/\/vocesdehaketia.com\/wp-content\/uploads\/2025\/09\/861822-300x300.png 300w, https:\/\/vocesdehaketia.com\/wp-content\/uploads\/2025\/09\/861822-150x150.png 150w\" sizes=\"(max-width: 512px) 100vw, 512px\" \/><\/a><\/figure>\n<\/div>\n\n\n<div style=\"height:16px\" aria-hidden=\"true\" class=\"wp-block-spacer\"><\/div>\n\n\n\n<h3 class=\"wp-block-heading has-text-align-center has-neve-text-color-color has-text-color\">Novedades<\/h3>\n\n\n\n<p class=\"has-text-align-center\">Novedades que agregamos en cualqueir momento<\/p>\n\n\n\n<div style=\"height:20px\" aria-hidden=\"true\" class=\"wp-block-spacer\"><\/div>\n<\/div>\n<\/div>\n\n\n<div class=\"is-style-boxed wp-block-themeisle-blocks-posts-grid\" id=\"wp-block-themeisle-blocks-posts-grid-16ca9c8a\"><div class=\"is-grid o-posts-grid-columns-3\"><div class=\"o-posts-grid-post-blog o-posts-grid-post-plain\"><div class=\"o-posts-grid-post\"><div class=\"o-posts-grid-post-image\"><a href=\"https:\/\/vocesdehaketia.com\/en\/pestinos\/\"><img loading=\"lazy\" decoding=\"async\" width=\"1024\" height=\"1080\" src=\"https:\/\/vocesdehaketia.com\/wp-content\/uploads\/2025\/09\/pestinos.png\" class=\"attachment-full size-full\" alt=\"Pesti\u00f1os\" srcset=\"https:\/\/vocesdehaketia.com\/wp-content\/uploads\/2025\/09\/pestinos.png 1024w, https:\/\/vocesdehaketia.com\/wp-content\/uploads\/2025\/09\/pestinos-284x300.png 284w, https:\/\/vocesdehaketia.com\/wp-content\/uploads\/2025\/09\/pestinos-971x1024.png 971w, https:\/\/vocesdehaketia.com\/wp-content\/uploads\/2025\/09\/pestinos-768x810.png 768w\" sizes=\"(max-width: 1024px) 100vw, 1024px\" \/><\/a><\/div><div class=\"o-posts-grid-post-body\"><span class=\"o-posts-grid-post-category\"><a href=\"https:\/\/vocesdehaketia.com\/en\/category\/comidas\/\">Foods<\/a><\/span><h4 class=\"o-posts-grid-post-title\"><a href=\"https:\/\/vocesdehaketia.com\/en\/pestinos\/\">Pesti\u00f1os<\/a><\/h4><p class=\"o-posts-grid-post-meta\">Posted on <time datetime=\"2025-09-10T20:05:31+00:00\">10.09.2025<\/time> by <a href=\"https:\/\/vocesdehaketia.com\/en\/author\/marben\/\">marben<\/a><\/p><div class=\"o-posts-grid-post-description\"><p>por Raquel Berdugo La historia del pesti\u00f1o puede remontarse al menos hasta el siglo XVI siendo proba\u2026<\/p><\/div><\/div><\/div><\/div><div class=\"o-posts-grid-post-blog o-posts-grid-post-plain\"><div class=\"o-posts-grid-post\"><div class=\"o-posts-grid-post-image\"><a href=\"https:\/\/vocesdehaketia.com\/en\/almoronia-alboronia\/\"><img loading=\"lazy\" decoding=\"async\" width=\"1022\" height=\"975\" src=\"https:\/\/vocesdehaketia.com\/wp-content\/uploads\/2025\/09\/alburnia-e1757534225259.png\" class=\"attachment-full size-full\" alt=\"Almoron\u00eda \/ Alboron\u00eda\" srcset=\"https:\/\/vocesdehaketia.com\/wp-content\/uploads\/2025\/09\/alburnia-e1757534225259.png 1022w, https:\/\/vocesdehaketia.com\/wp-content\/uploads\/2025\/09\/alburnia-e1757534225259-300x286.png 300w, https:\/\/vocesdehaketia.com\/wp-content\/uploads\/2025\/09\/alburnia-e1757534225259-768x733.png 768w\" sizes=\"(max-width: 1022px) 100vw, 1022px\" \/><\/a><\/div><div class=\"o-posts-grid-post-body\"><span class=\"o-posts-grid-post-category\"><a href=\"https:\/\/vocesdehaketia.com\/en\/category\/comidas\/\">Foods<\/a><\/span><h4 class=\"o-posts-grid-post-title\"><a href=\"https:\/\/vocesdehaketia.com\/en\/almoronia-alboronia\/\">Almoron\u00eda \/ Alboron\u00eda<\/a><\/h4><p class=\"o-posts-grid-post-meta\">Posted on <time datetime=\"2025-09-10T19:54:33+00:00\">10.09.2025<\/time> by <a href=\"https:\/\/vocesdehaketia.com\/en\/author\/marben\/\">marben<\/a><\/p><div class=\"o-posts-grid-post-description\"><p>En pocas palabras por Alicia Sisso Raz 1. Cortar la&nbsp;benten\u0135ena&nbsp;en rodajas.&nbsp;Enshauarla\u2026<\/p><\/div><\/div><\/div><\/div><div class=\"o-posts-grid-post-blog o-posts-grid-post-plain\"><div class=\"o-posts-grid-post\"><div class=\"o-posts-grid-post-image\"><a href=\"https:\/\/vocesdehaketia.com\/en\/fijuelas-de-ana-bensadon\/\"><img loading=\"lazy\" decoding=\"async\" width=\"1192\" height=\"1736\" src=\"https:\/\/vocesdehaketia.com\/wp-content\/uploads\/2025\/09\/anabensadondulcelovivas.jpg\" class=\"attachment-full size-full\" alt=\"Fi\u0135uelas\u00a0de Ana Bensadon\" srcset=\"https:\/\/vocesdehaketia.com\/wp-content\/uploads\/2025\/09\/anabensadondulcelovivas.jpg 1192w, https:\/\/vocesdehaketia.com\/wp-content\/uploads\/2025\/09\/anabensadondulcelovivas-206x300.jpg 206w, https:\/\/vocesdehaketia.com\/wp-content\/uploads\/2025\/09\/anabensadondulcelovivas-703x1024.jpg 703w, https:\/\/vocesdehaketia.com\/wp-content\/uploads\/2025\/09\/anabensadondulcelovivas-768x1118.jpg 768w, https:\/\/vocesdehaketia.com\/wp-content\/uploads\/2025\/09\/anabensadondulcelovivas-1055x1536.jpg 1055w\" sizes=\"(max-width: 1192px) 100vw, 1192px\" \/><\/a><\/div><div class=\"o-posts-grid-post-body\"><span class=\"o-posts-grid-post-category\"><a href=\"https:\/\/vocesdehaketia.com\/en\/category\/comidas\/\">Foods<\/a><\/span><h4 class=\"o-posts-grid-post-title\"><a href=\"https:\/\/vocesdehaketia.com\/en\/fijuelas-de-ana-bensadon\/\">Fi\u0135uelas\u00a0de Ana Bensadon<\/a><\/h4><p class=\"o-posts-grid-post-meta\">Posted on <time datetime=\"2025-09-10T19:46:33+00:00\">10.09.2025<\/time> by <a href=\"https:\/\/vocesdehaketia.com\/en\/author\/marben\/\">marben<\/a><\/p><div class=\"o-posts-grid-post-description\"><p>by Ana Bensadon<\/p><\/div><\/div><\/div><\/div><div class=\"o-posts-grid-post-blog o-posts-grid-post-plain\"><div class=\"o-posts-grid-post\"><div class=\"o-posts-grid-post-image\"><a href=\"https:\/\/vocesdehaketia.com\/en\/fijuelas-de-estrella-jalfon-de-bentolila\/\"><img loading=\"lazy\" decoding=\"async\" width=\"1024\" height=\"1536\" src=\"https:\/\/vocesdehaketia.com\/wp-content\/uploads\/2025\/09\/fijuelas.png\" class=\"attachment-full size-full\" alt=\"Fi\u0135uelas de Estrella\u00a0Jalfon de Bentolila\" srcset=\"https:\/\/vocesdehaketia.com\/wp-content\/uploads\/2025\/09\/fijuelas.png 1024w, https:\/\/vocesdehaketia.com\/wp-content\/uploads\/2025\/09\/fijuelas-200x300.png 200w, https:\/\/vocesdehaketia.com\/wp-content\/uploads\/2025\/09\/fijuelas-683x1024.png 683w, https:\/\/vocesdehaketia.com\/wp-content\/uploads\/2025\/09\/fijuelas-768x1152.png 768w\" sizes=\"(max-width: 1024px) 100vw, 1024px\" \/><\/a><\/div><div class=\"o-posts-grid-post-body\"><span class=\"o-posts-grid-post-category\"><a href=\"https:\/\/vocesdehaketia.com\/en\/category\/comidas\/\">Foods<\/a><\/span><h4 class=\"o-posts-grid-post-title\"><a href=\"https:\/\/vocesdehaketia.com\/en\/fijuelas-de-estrella-jalfon-de-bentolila\/\">Fi\u0135uelas de Estrella\u00a0Jalfon de Bentolila<\/a><\/h4><p class=\"o-posts-grid-post-meta\">Posted on <time datetime=\"2025-09-10T19:44:31+00:00\">10.09.2025<\/time> by <a href=\"https:\/\/vocesdehaketia.com\/en\/author\/marben\/\">marben<\/a><\/p><div class=\"o-posts-grid-post-description\"><p>Por Estrella\u00a0Jalfon de Bentolila En los tiempos antiguos era una gran\u00a0tamara\u00a0(faena) conseguir amasa\u2026<\/p><\/div><\/div><\/div><\/div><div class=\"o-posts-grid-post-blog o-posts-grid-post-plain\"><div class=\"o-posts-grid-post\"><div class=\"o-posts-grid-post-image\"><a href=\"https:\/\/vocesdehaketia.com\/en\/binuelitos-de-hanukka\/\"><img loading=\"lazy\" decoding=\"async\" width=\"1024\" height=\"1536\" src=\"https:\/\/vocesdehaketia.com\/wp-content\/uploads\/2025\/09\/bunuelos.png\" class=\"attachment-full size-full\" alt=\"Binuelitos de\u00a0Hanukka\" srcset=\"https:\/\/vocesdehaketia.com\/wp-content\/uploads\/2025\/09\/bunuelos.png 1024w, https:\/\/vocesdehaketia.com\/wp-content\/uploads\/2025\/09\/bunuelos-200x300.png 200w, https:\/\/vocesdehaketia.com\/wp-content\/uploads\/2025\/09\/bunuelos-683x1024.png 683w, https:\/\/vocesdehaketia.com\/wp-content\/uploads\/2025\/09\/bunuelos-768x1152.png 768w\" sizes=\"(max-width: 1024px) 100vw, 1024px\" \/><\/a><\/div><div class=\"o-posts-grid-post-body\"><span class=\"o-posts-grid-post-category\"><a href=\"https:\/\/vocesdehaketia.com\/en\/category\/comidas\/\">Foods<\/a><\/span><h4 class=\"o-posts-grid-post-title\"><a href=\"https:\/\/vocesdehaketia.com\/en\/binuelitos-de-hanukka\/\">Binuelitos de\u00a0Hanukka<\/a><\/h4><p class=\"o-posts-grid-post-meta\">Posted on <time datetime=\"2025-09-10T19:34:32+00:00\">10.09.2025<\/time> by <a href=\"https:\/\/vocesdehaketia.com\/en\/author\/marben\/\">marben<\/a><\/p><div class=\"o-posts-grid-post-description\"><p>por Alicia Sisso Raz Ingredientes Mesclar\u00a0la levadura prensada con el\u00a0as\u00facar\u00a0y 1\/2\u00a0vazo\u00a0de agua tibi\u2026<\/p><\/div><\/div><\/div><\/div><div class=\"o-posts-grid-post-blog o-posts-grid-post-plain\"><div class=\"o-posts-grid-post\"><div class=\"o-posts-grid-post-image\"><a href=\"https:\/\/vocesdehaketia.com\/en\/delicias-tipicas-de-purim\/\"><img loading=\"lazy\" decoding=\"async\" width=\"740\" height=\"494\" src=\"https:\/\/vocesdehaketia.com\/wp-content\/uploads\/2025\/09\/vista-frontal-pequenos-pasteles-deliciosos-rodajas-limon-mandarinas-dulces-espacio-oscuro.avif\" class=\"attachment-full size-full\" alt=\"Delicias\u00a0t\u00edpicas\u00a0de\u00a0Purim\" srcset=\"https:\/\/vocesdehaketia.com\/wp-content\/uploads\/2025\/09\/vista-frontal-pequenos-pasteles-deliciosos-rodajas-limon-mandarinas-dulces-espacio-oscuro.avif 740w, https:\/\/vocesdehaketia.com\/wp-content\/uploads\/2025\/09\/vista-frontal-pequenos-pasteles-deliciosos-rodajas-limon-mandarinas-dulces-espacio-oscuro-300x200.avif 300w\" sizes=\"(max-width: 740px) 100vw, 740px\" \/><\/a><\/div><div class=\"o-posts-grid-post-body\"><span class=\"o-posts-grid-post-category\"><a href=\"https:\/\/vocesdehaketia.com\/en\/category\/comidas\/\">Foods<\/a><\/span><h4 class=\"o-posts-grid-post-title\"><a href=\"https:\/\/vocesdehaketia.com\/en\/delicias-tipicas-de-purim\/\">Delicias\u00a0t\u00edpicas\u00a0de\u00a0Purim<\/a><\/h4><p class=\"o-posts-grid-post-meta\">Posted on <time datetime=\"2025-09-10T19:23:15+00:00\">10.09.2025<\/time> by <a href=\"https:\/\/vocesdehaketia.com\/en\/author\/marben\/\">marben<\/a><\/p><div class=\"o-posts-grid-post-description\"><p>Por Raquel\u00a0Moryoussef\u00a0de Fhima Plato Montado (Bienmesabe) 1 pasta real que se prepara con 8 huevos, \u2026<\/p><\/div><\/div><\/div><\/div><\/div> <\/div>","protected":false},"excerpt":{"rendered":"<p>Haketia Dedicada a la lengua de los \u0135udi\u00f3s marroqu\u00edes. Multimedia Muzic\u00e1, videos, fotograf\u00edas, documentos y mucho m\u00e1s. Costumbres Dedicada a historia, cultura, tradiciones y costumbres Comidas \u1e25a\u0135itas \/ comidas para todos los gustos Novedades Novedades que agregamos en cualqueir momento<\/p>","protected":false},"author":1,"featured_media":0,"parent":0,"menu_order":0,"comment_status":"closed","ping_status":"closed","template":"","meta":{"neve_meta_sidebar":"","neve_meta_container":"","neve_meta_enable_content_width":"on","neve_meta_content_width":100,"neve_meta_title_alignment":"","neve_meta_author_avatar":"","neve_post_elements_order":"","neve_meta_disable_header":"","neve_meta_disable_footer":"","neve_meta_disable_title":"on","_themeisle_gutenberg_block_has_review":false,"footnotes":""},"class_list":["post-960","page","type-page","status-publish","hentry"],"_links":{"self":[{"href":"https:\/\/vocesdehaketia.com\/en\/wp-json\/wp\/v2\/pages\/960","targetHints":{"allow":["GET"]}}],"collection":[{"href":"https:\/\/vocesdehaketia.com\/en\/wp-json\/wp\/v2\/pages"}],"about":[{"href":"https:\/\/vocesdehaketia.com\/en\/wp-json\/wp\/v2\/types\/page"}],"author":[{"embeddable":true,"href":"https:\/\/vocesdehaketia.com\/en\/wp-json\/wp\/v2\/users\/1"}],"replies":[{"embeddable":true,"href":"https:\/\/vocesdehaketia.com\/en\/wp-json\/wp\/v2\/comments?post=960"}],"version-history":[{"count":32,"href":"https:\/\/vocesdehaketia.com\/en\/wp-json\/wp\/v2\/pages\/960\/revisions"}],"predecessor-version":[{"id":1432,"href":"https:\/\/vocesdehaketia.com\/en\/wp-json\/wp\/v2\/pages\/960\/revisions\/1432"}],"wp:attachment":[{"href":"https:\/\/vocesdehaketia.com\/en\/wp-json\/wp\/v2\/media?parent=960"}],"curies":[{"name":"wp","href":"https:\/\/api.w.org\/{rel}","templated":true}]}}