{"id":61,"date":"2020-01-23T18:21:52","date_gmt":"2020-01-23T18:21:52","guid":{"rendered":"https:\/\/demosites.io\/marketing-agency-gb\/?page_id=61"},"modified":"2025-09-08T19:45:39","modified_gmt":"2025-09-08T19:45:39","slug":"bcd31-about-us","status":"publish","type":"page","link":"https:\/\/vocesdehaketia.com\/en\/bcd31-about-us\/","title":{"rendered":"About Voces de Haketia"},"content":{"rendered":"<div class=\"wp-block-cover alignfull\" style=\"min-height:320px;aspect-ratio:unset;\"><span aria-hidden=\"true\" class=\"wp-block-cover__background has-nv-site-bg-background-color has-background-dim-100 has-background-dim\"><\/span><div class=\"wp-block-cover__inner-container is-layout-flow wp-block-cover-is-layout-flow\">\n<div class=\"wp-block-group\" style=\"padding-right:var(--wp--preset--spacing--30);padding-left:var(--wp--preset--spacing--30)\"><div class=\"wp-block-group__inner-container is-layout-flow wp-block-group-is-layout-flow\">\n<h1 class=\"wp-block-heading has-text-align-left has-neve-text-color-color has-text-color\">About Voces de Haketia<\/h1>\n<\/div><\/div>\n<\/div><\/div>\n\n\n\n<div class=\"wp-block-cover alignfull\" style=\"padding-top:var(--wp--preset--spacing--80);padding-bottom:var(--wp--preset--spacing--80);min-height:600px;aspect-ratio:unset;\"><span aria-hidden=\"true\" class=\"wp-block-cover__background has-nv-light-bg-background-color has-background-dim-100 has-background-dim\"><\/span><div class=\"wp-block-cover__inner-container is-layout-flow wp-block-cover-is-layout-flow\"><div class=\"wp-block-image\">\n<figure class=\"aligncenter size-full\"><img loading=\"lazy\" decoding=\"async\" width=\"551\" height=\"386\" src=\"https:\/\/vocesdehaketia.com\/wp-content\/uploads\/2025\/09\/alicia_3.png\" alt=\"\" class=\"wp-image-1053\" srcset=\"https:\/\/vocesdehaketia.com\/wp-content\/uploads\/2025\/09\/alicia_3.png 551w, https:\/\/vocesdehaketia.com\/wp-content\/uploads\/2025\/09\/alicia_3-300x210.png 300w\" sizes=\"auto, (max-width: 551px) 100vw, 551px\" \/><\/figure>\n<\/div>\n\n\n<h2 class=\"wp-block-heading has-nv-dark-bg-color has-text-color has-link-color wp-elements-89a7c946dd966d2aab9a3d558a8fbb08\">Voces de Haketia<\/h2>\n\n\n\n<p class=\"has-neve-text-color-color has-text-color\">Este portal se cre\u00f3&nbsp;con el&nbsp;<strong>penseri\u00f3<\/strong><em> (pensamiento)<\/em>&nbsp;de mantener a&nbsp;la&nbsp;<strong>\u1e25aket\u00eda viva y espavilada, y dar a conocer la historia y la cultura de los \u0135udi\u00f3s marroqu\u00edes.&nbsp; \u1e24aket\u00eda es <\/strong>el <strong>vernacul\u00f3 \u0135udeoespa\u00f1ol<\/strong>&nbsp;del norte de Marruecos &#8212; ladino es la lengua literaria&nbsp;de todos los sefard\u00edes. Como en cada lengua, en la \u1e25aket\u00eda est\u00e1 expresado el esp\u00edritu de la comunidad: su cultura, su historia, los valores y la manera de ser. Y ese esp\u00edritu tan especial de los sefard\u00edes de Marruecos, como se refleja en la \u1e25aket\u00eda, es lo que quieroy a prezervar y dar a conocer en el &#8216;olam (mundo).<\/p>\n\n\n\n<p class=\"has-nv-dark-bg-color has-text-color has-link-color wp-elements-3623a82bc80af05142e3be0eb8c4c16c\">Mi&nbsp;<strong>fam\u00eda<\/strong>&nbsp;materna era de Tetu\u00e1n,&nbsp;<strong>ori<\/strong><strong>\u011dinalmente<\/strong>&nbsp;de Larache y Alcazarquivir, y mi&nbsp;<strong>fam\u00eda<\/strong>&nbsp;paterna era de Fez. Yo me&nbsp;<strong>pu\u0135\u00ed<\/strong>&nbsp;(crec\u00ed) en Israel&nbsp;<strong>dezde<\/strong>&nbsp;los&nbsp;<em><a href=\"https:\/\/vocesdehaketia.com\/en\/images\/mom_article.jpg\/\">20 d\u00edas<\/a><\/em>, en una&nbsp;<strong>cazza ande<\/strong>&nbsp;se cantaba, se so\u00f1aba, se sent\u00eda, y se&nbsp;<strong>jammeaba&nbsp;<\/strong><em>(pensaba)<\/em>&nbsp;en espa\u00f1ol, es<strong>&nbsp;dizir,&nbsp;<\/strong>\u1e25aket\u00eda espa\u00f1olizada&nbsp;que me parecia espa\u00f1ol&nbsp;espe\u0135aeado&nbsp;<strong>\u1e25atta &nbsp;<\/strong><em>(hasta)<\/em>&nbsp; que me parece que fui yo la que me pu\u0135\u00ed&nbsp;ah\u00ed! &nbsp;<\/p>\n\n\n\n<p class=\"has-nv-dark-bg-color has-text-color has-link-color wp-elements-1777e61a9e593d3ba911a8968fd19c4c\"><strong>Hazen<\/strong>&nbsp;a\u00f1os que yo&nbsp;<strong>moroy<\/strong>&nbsp;en NY con mi marido y&nbsp;<strong>hi\u0135os<\/strong>. Soy licenciada en filosof\u00eda y con maestr\u00eda en Historia del Arte de City University of NY. &nbsp;Antes de unos a\u00f1os&nbsp;<strong>form\u00ed&nbsp;<\/strong>en Nueva York un coloquio&nbsp;de&nbsp;<strong>\u1e25aket\u00eda,&nbsp;<\/strong>que se qued\u00f3&nbsp;activo durante m\u00e1s de dos a\u00f1os.&nbsp;Y toda mi vida&nbsp;est\u00e1&nbsp;contada,&nbsp;<strong>filo por agu\u0135a&nbsp;<\/strong>en el&nbsp;<strong>ma\u02c1ase<\/strong>:<\/p>\n\n\n\n<p class=\"has-nv-dark-bg-color has-text-color has-link-color wp-elements-b52369293c18bc24a35dc904c9b07be4\"><strong>Con gracia mi wueno, y con derej-eres<\/strong><\/p>\n\n\n\n<p class=\"has-neve-text-color-color has-text-color\">&nbsp;Con la wuena mano y pluma&nbsp; de todos&nbsp;<strong>mozotros, muestra \u1e25aket\u00eda se quedar\u00e1<\/strong> <em>espabilada<\/em>, y&nbsp;<strong>muestra<\/strong>&nbsp;cultura conocida.<\/p>\n\n\n\n<p class=\"has-neve-text-color-color has-text-color\"><strong>**Por favor enviarme escritos, fotos, etc: <a href=\"mailto:alicia@vocesdehaketia.com\">alicia@vocesdehaketia.com<\/a>**<\/strong><\/p>\n\n\n\n<p class=\"has-neve-text-color-color has-text-color\"><strong>Durce<\/strong>&nbsp;sea vuestra&nbsp;<strong>vizita<\/strong>&nbsp;y&nbsp;<strong>luzzida&nbsp;<\/strong>sea vuestra&nbsp;<strong>quedada<\/strong>&#8230;<\/p>\n\n\n\n<p class=\"has-nv-dark-bg-color has-text-color has-link-color wp-elements-f99c7b9f3b83271c576cfbb40bf51bcf\">Alicia Sisso Raz<\/p>\n<\/div><\/div>\n\n\n\n<p><\/p>","protected":false},"excerpt":{"rendered":"","protected":false},"author":1,"featured_media":0,"parent":0,"menu_order":0,"comment_status":"closed","ping_status":"closed","template":"","meta":{"neve_meta_sidebar":"default","neve_meta_container":"default","neve_meta_enable_content_width":"on","neve_meta_content_width":100,"neve_meta_title_alignment":"","neve_meta_author_avatar":"","neve_post_elements_order":"","neve_meta_disable_header":"","neve_meta_disable_footer":"","neve_meta_disable_title":"on","_themeisle_gutenberg_block_has_review":false,"footnotes":""},"class_list":["post-61","page","type-page","status-publish","hentry"],"_links":{"self":[{"href":"https:\/\/vocesdehaketia.com\/en\/wp-json\/wp\/v2\/pages\/61","targetHints":{"allow":["GET"]}}],"collection":[{"href":"https:\/\/vocesdehaketia.com\/en\/wp-json\/wp\/v2\/pages"}],"about":[{"href":"https:\/\/vocesdehaketia.com\/en\/wp-json\/wp\/v2\/types\/page"}],"author":[{"embeddable":true,"href":"https:\/\/vocesdehaketia.com\/en\/wp-json\/wp\/v2\/users\/1"}],"replies":[{"embeddable":true,"href":"https:\/\/vocesdehaketia.com\/en\/wp-json\/wp\/v2\/comments?post=61"}],"version-history":[{"count":8,"href":"https:\/\/vocesdehaketia.com\/en\/wp-json\/wp\/v2\/pages\/61\/revisions"}],"predecessor-version":[{"id":1091,"href":"https:\/\/vocesdehaketia.com\/en\/wp-json\/wp\/v2\/pages\/61\/revisions\/1091"}],"wp:attachment":[{"href":"https:\/\/vocesdehaketia.com\/en\/wp-json\/wp\/v2\/media?parent=61"}],"curies":[{"name":"wp","href":"https:\/\/api.w.org\/{rel}","templated":true}]}}